{"id":1319,"date":"2022-02-22T15:04:33","date_gmt":"2022-02-22T19:04:33","guid":{"rendered":"https:\/\/comidasclandestinas.com\/?page_id=1319"},"modified":"2022-05-22T20:29:02","modified_gmt":"2022-05-23T00:29:02","slug":"menu","status":"publish","type":"page","link":"https:\/\/rosamafood.com\/index.php\/menu\/","title":{"rendered":"Men\u00fa de comidas"},"content":{"rendered":"\n<p><strong>DESAYUNOS<\/strong><\/p>\n\n\n\n<p>PANINIS&nbsp;<\/p>\n\n\n\n<ul class=\"wp-block-list\"><li>Jam\u00f3n serrano, queso manchego, tomates secos<\/li><li>Mortadela tapara, queso emmenthal<\/li><li>Jam\u00f3n de pierna, queso Edam, lechuga, tomate<\/li><li>Chorizo, queso Edam<\/li><li>Salami, queso blanco<\/li><\/ul>\n\n\n\n<p>BAGUELS<\/p>\n\n\n\n<ul class=\"wp-block-list\"><li>Salmon, queso crema, cebollas crocantes<\/li><li>Jam\u00f3n serrano, tomate seco<\/li><li>Ommelette, tomate, queso<\/li><\/ul>\n\n\n\n<p>PANQUECAS<\/p>\n\n\n\n<ul class=\"wp-block-list\"><li>Mermelada, mantequilla, queso crema<\/li><\/ul>\n\n\n\n<p>Todos los desayunos traen Panini o Baguel, Yogurt, ensalada de frutas, Postr\u00e9 (rosquitas o Cupcakes) caf\u00e9 frio (tipo Starbucks), jugo.<\/p>\n\n\n\n<hr class=\"wp-block-separator\"\/>\n\n\n\n<p><strong>PASAPALOS<\/strong><\/p>\n\n\n\n<p>MINI HAMBURGUESAS<\/p>\n\n\n\n<p>Deliciosa carne en mini panes, con lechuga, tomate, queso, cebollas crisp\u00ed y salsas, acompa\u00f1adas de papas chips.<\/p>\n\n\n\n<p>MINI S\u00c1NDWICHES DE PERNIL<\/p>\n\n\n\n<p>Rico y jugoso pernil en mini panes con tomate, lechuga, salsas, acompa\u00f1ado de papitas chips.<\/p>\n\n\n\n<p>MINI POLVOROSAS DE POLLO<\/p>\n\n\n\n<p>Una deliciosa masa de polvorosa que contiene un guiso de pollo al curry, haciendo una combinaci\u00f3n explosivamente buena al paladar.<\/p>\n\n\n\n<p>CANAP\u00c9S DE EMBUTIDOS<\/p>\n\n\n\n<p>Sobre rebanadas de pan tostado humedecido con aceite de oliva, se disponen diferentes tipos de quesos con diferentes tipos de embutidos.<\/p>\n\n\n\n<p>EMPANADA GALLEGA<\/p>\n\n\n\n<p>El rico sabor de la empanada gallega de pollo o at\u00fan, se sirve en cuadritos para su f\u00e1cil consumo.<\/p>\n\n\n\n<p>TORTILLA ESPA\u00d1OLA<\/p>\n\n\n\n<p>Deliciosos cuadros de papa, huevo y chorizo espa\u00f1ol colocados sobre rebanadas de pan con salsa de ajo.<\/p>\n\n\n\n<p>CROQUETAS<\/p>\n\n\n\n<p>El exquisito sabor de la suave masa de croquetas con el sabor de tu elecci\u00f3n: salm\u00f3n, pollo, chorizo, morcilla, merluza.<\/p>\n\n\n\n<p>MINI CAPRESA<\/p>\n\n\n\n<p>La tradicional ensalada capresa llevada a su versi\u00f3n mini con tomates cherry, albahaca y bocanccini, salpimentadas y rociadas con aceite de oliva<\/p>\n\n\n\n<p>BOMBONES DE PLATANO<\/p>\n\n\n\n<p>Unas deliciosas esferas de platano dulce rellenos a elecci\u00f3n con queso o caz\u00f3n, acompa\u00f1ado de reducci\u00f3n de papel\u00f3n<\/p>\n\n\n\n<p>PINCHOS DE&nbsp; EMBUTIDOS<\/p>\n\n\n\n<p>Varitas de bamb\u00fa pinchando salchich\u00f3n, queso, chorizo, aceituna y jam\u00f3n ahumado con mini cubos de pan intercalado.<\/p>\n\n\n\n<p>BOMBONES DE QUESO DE CABRA<\/p>\n\n\n\n<p>Deliciosos bombones de queso de cabra con frutos secos y punto de miel.<\/p>\n\n\n\n<p>TARTALETAS DE AJOPORRO<\/p>\n\n\n\n<p>Crujientes tartaletas rellenas con una suave y cremosa mezcla de quesos y ajoporro.<\/p>\n\n\n\n<p>ENROLLADO DE QUESO CON SALMON<\/p>\n\n\n\n<p>Deliciosa base de queso crema rellena con salm\u00f3n y alcaparras, cubierto con una generosa capa de nueces trituradas.<\/p>\n\n\n\n<p>PATE CON TOSTADAS<\/p>\n\n\n\n<p>Riqu\u00edsimo pate, elaborado con higaditos de pollo y finas especias que le dan un sabor inolvidable, acompa\u00f1ado de ricas tostaditas de pan.<\/p>\n\n\n\n<p>Nos adaptamos a tu presupuesto, podemos construir juntos &nbsp;la lista de pasapalos a tu gusto.<\/p>\n\n\n\n<p>Elaboramos las m\u00e1s suculentas tablas de embutidos, quesos y amenizer.<\/p>\n\n\n\n<p><strong>MEN\u00daS PARA ALMUERZO O CENA<\/strong><\/p>\n\n\n\n<p>ENSALADAS (para 2 personas)<br>C\u00e9sar (lechuga, pollo y aderezo C\u00e9sar)<br>Ensalada verde con frutos secos y queso (mix lechuga, almendras,<br>pasitas y queso de cabra o tentaci\u00f3n)<br>Capresa (tomate, albahaca y mozzarella de b\u00fafala)<br>Griega (lechuga, aceitunas negras, pepino, tomate, piment\u00f3n y<br>queso feta o cabra) <br>Pasta (pasta, calabac\u00edn, piment\u00f3n, tomate, ma\u00edz, ceboll\u00edn y<br>aceitunas rellenas) <br>Diplom\u00e1tica (ensalada de frutas, melocot\u00f3n, manzanas verdes,<br>crema de leche y queso crema) <\/p>\n\n\n\n<p>SOPAS (para 2 personas)<br>Hervido de res <br>Crema de auyama <br>Crema de tomate <br>Chupe de pollo <br>Consom\u00e9<\/p>\n\n\n\n<p>CARNES, POLLOS Y PESCADOS (para 2 personas)<br>Asado negro <br>Strogonoff de carne o pollo <br>RoastBeef <br>Milanesas de carne o pollo <br>Pollo (al curry, a la naranja, cordon bleu) <br>Lomo de cerdo (al gusto) <br>Carne mechada <br>Ceviche <br>Filete de pescado (empanizado, al vino o menier) <\/p>\n\n\n\n<p>CONTORNOS (para 2 personas)<br>Arroz <br>Souffl\u00e9 (coliflor o jojoto) <br>Papas (al horno o pur\u00e9) <br>Vegetales mixtos <\/p>\n\n\n\n<p>PLATOS ESPECIALES (para 2 personas)<br>Pasticho <br>Risotto (camarones u hongos) <\/p>\n\n\n\n<p>Tortilla espa\u00f1ola con chorizo <br>Empanada Gallega <br>Polvorosa de Pollo <br>Paella <\/p>\n\n\n\n<p>POSTRES (para 2 personas)<br>Pie de lim\u00f3n <br>Quesillo <br>Brazo Gitano <br>Para otros postres consultar<\/p>\n","protected":false},"excerpt":{"rendered":"<p>DESAYUNOS PANINIS&nbsp; Jam\u00f3n serrano, queso manchego, tomates secos Mortadela tapara, queso emmenthal Jam\u00f3n de pierna, queso Edam, lechuga, tomate Chorizo, queso Edam Salami, queso blanco BAGUELS Salmon, queso crema, cebollas crocantes Jam\u00f3n serrano, tomate seco Ommelette, tomate, queso PANQUECAS Mermelada, mantequilla, queso crema Todos los desayunos traen Panini o Baguel, Yogurt, ensalada de frutas, Postr\u00e9 &hellip; <\/p>\n<p class=\"link-more\"><a href=\"https:\/\/rosamafood.com\/index.php\/menu\/\" class=\"more-link\">Continuar leyendo<span class=\"screen-reader-text\"> \u00abMen\u00fa de comidas\u00bb<\/span><\/a><\/p>\n","protected":false},"author":1,"featured_media":0,"parent":0,"menu_order":0,"comment_status":"closed","ping_status":"closed","template":"","meta":{"footnotes":""},"class_list":["post-1319","page","type-page","status-publish","hentry"],"_links":{"self":[{"href":"https:\/\/rosamafood.com\/index.php\/wp-json\/wp\/v2\/pages\/1319","targetHints":{"allow":["GET"]}}],"collection":[{"href":"https:\/\/rosamafood.com\/index.php\/wp-json\/wp\/v2\/pages"}],"about":[{"href":"https:\/\/rosamafood.com\/index.php\/wp-json\/wp\/v2\/types\/page"}],"author":[{"embeddable":true,"href":"https:\/\/rosamafood.com\/index.php\/wp-json\/wp\/v2\/users\/1"}],"replies":[{"embeddable":true,"href":"https:\/\/rosamafood.com\/index.php\/wp-json\/wp\/v2\/comments?post=1319"}],"version-history":[{"count":7,"href":"https:\/\/rosamafood.com\/index.php\/wp-json\/wp\/v2\/pages\/1319\/revisions"}],"predecessor-version":[{"id":1347,"href":"https:\/\/rosamafood.com\/index.php\/wp-json\/wp\/v2\/pages\/1319\/revisions\/1347"}],"wp:attachment":[{"href":"https:\/\/rosamafood.com\/index.php\/wp-json\/wp\/v2\/media?parent=1319"}],"curies":[{"name":"wp","href":"https:\/\/api.w.org\/{rel}","templated":true}]}}